{"id":11190,"date":"2019-03-15T14:43:55","date_gmt":"2019-03-15T13:43:55","guid":{"rendered":"https:\/\/www.wagralim.be\/agenda\/"},"modified":"2020-02-18T14:56:06","modified_gmt":"2020-02-18T13:56:06","slug":"agenda","status":"publish","type":"page","link":"https:\/\/www.wagralim.be\/en\/agenda\/","title":{"rendered":"Agenda"},"content":{"rendered":"<div class=\"wpb-content-wrapper\"><p>[vc_row][vc_column][vc_column_text css=&#8221;.vc_custom_1578920083035{margin-bottom: 50px !important;}&#8221;]<\/p>\n<h1 class=\"tribe-events-page-title\">Nos prochains \u00e9v\u00e9nements et formations Wagralim<\/h1>\n<p>[\/vc_column_text][vc_column_text]<div style=\"display:flex;flex-wrap:wrap;\"><div class=\"article-wrap\" style=\"width:30%;margin:30px 25px 30px 0;\">\n                    <article>\n                      <div class=\"post-image\" style=\"position:relative;\">\n                        <a href=\"https:\/\/www.wagralim.be\/en\/event\/fundingopportunitieswebinar\/\"><img loading=\"lazy\" decoding=\"async\" width=\"1200\" height=\"677\" src=\"https:\/\/www.wagralim.be\/wp-content\/uploads\/2026\/03\/greeninvest.jpeg\" class=\"attachment-post-thumbnail size-post-thumbnail wp-post-image\" alt=\"\" srcset=\"https:\/\/www.wagralim.be\/wp-content\/uploads\/2026\/03\/greeninvest.jpeg 1200w, https:\/\/www.wagralim.be\/wp-content\/uploads\/2026\/03\/greeninvest-300x169.jpeg 300w, https:\/\/www.wagralim.be\/wp-content\/uploads\/2026\/03\/greeninvest-1024x578.jpeg 1024w, https:\/\/www.wagralim.be\/wp-content\/uploads\/2026\/03\/greeninvest-768x433.jpeg 768w\" sizes=\"auto, (max-width: 1200px) 100vw, 1200px\" \/><\/a>\n                        <div class=\"custom-event-date\" style=\"position:absolute;bottom:15px;left:15px;\">\n                          <div style=\"font-size: 12px;line-height: 18px;text-align: center;font-family:Montserrat;font-weight:700;font-style:normal\">27\/05 2026<\/div>\n                        <\/div>\n                      <\/div>\n                      <div class=\"post-content\" style=\"margin-bottom:50px;\">\n                        <h3><a href=\"https:\/\/www.wagralim.be\/en\/event\/fundingopportunitieswebinar\/\">What funding opportunities are available for your projects?<\/a><\/h3>\n                      <\/div>\n                      <div class=\"post-button\"><a href=\"https:\/\/www.wagralim.be\/en\/event\/fundingopportunitieswebinar\/\" class=\"default-btn-shortcode dt-btn dt-btn-s btn-inline-left custom-button post-detail\">D\u00e9tails de l'\u00e9v\u00e9nement<\/a><\/div>\n                    <\/article>\n                  <\/div><\/div>\n                <style>\n                .post-image img{\n                  min-height: 260px;\n                  object-fit: cover;\n                }\n                <\/style>[\/vc_column_text][\/vc_column][\/vc_row]<\/p>\n<\/div>","protected":false},"excerpt":{"rendered":"<p>[vc_row][vc_column][vc_column_text css=&#8221;.vc_custom_1578920083035{margin-bottom: 50px !important;}&#8221;] Nos prochains \u00e9v\u00e9nements et formations Wagralim [\/vc_column_text][vc_column_text][\/vc_column_text][\/vc_column][\/vc_row]<\/p>\n","protected":false},"author":4,"featured_media":0,"parent":0,"menu_order":7,"comment_status":"closed","ping_status":"closed","template":"","meta":{"_acf_changed":false,"content-type":"","footnotes":""},"class_list":["post-11190","page","type-page","status-publish","hentry","description-off"],"acf":[],"jetpack_sharing_enabled":true,"_links":{"self":[{"href":"https:\/\/www.wagralim.be\/en\/wp-json\/wp\/v2\/pages\/11190","targetHints":{"allow":["GET"]}}],"collection":[{"href":"https:\/\/www.wagralim.be\/en\/wp-json\/wp\/v2\/pages"}],"about":[{"href":"https:\/\/www.wagralim.be\/en\/wp-json\/wp\/v2\/types\/page"}],"author":[{"embeddable":true,"href":"https:\/\/www.wagralim.be\/en\/wp-json\/wp\/v2\/users\/4"}],"replies":[{"embeddable":true,"href":"https:\/\/www.wagralim.be\/en\/wp-json\/wp\/v2\/comments?post=11190"}],"version-history":[{"count":0,"href":"https:\/\/www.wagralim.be\/en\/wp-json\/wp\/v2\/pages\/11190\/revisions"}],"wp:attachment":[{"href":"https:\/\/www.wagralim.be\/en\/wp-json\/wp\/v2\/media?parent=11190"}],"curies":[{"name":"wp","href":"https:\/\/api.w.org\/{rel}","templated":true}]}}