{"id":11086,"date":"2019-05-02T16:21:18","date_gmt":"2019-05-02T14:21:18","guid":{"rendered":"https:\/\/www.wagralim.be\/services\/projet-rd\/procedures\/"},"modified":"2024-05-13T23:17:04","modified_gmt":"2024-05-13T21:17:04","slug":"procedures","status":"publish","type":"page","link":"https:\/\/www.wagralim.be\/en\/services\/projet-rd\/procedures\/","title":{"rendered":"Procedures"},"content":{"rendered":"<div class=\"wpb-content-wrapper\"><p>[vc_row equal_height=&#8221;yes&#8221; content_placement=&#8221;middle&#8221;][vc_column css_animation=&#8221;none&#8221; width=&#8221;3\/4&#8243; css=&#8221;.vc_custom_1576061380805{padding-top: 30px !important;padding-right: 30px !important;padding-bottom: 30px !important;padding-left: 30px !important;background-position: center !important;background-repeat: no-repeat !important;background-size: cover !important;}&#8221; el_class=&#8221;custom-bg-r&#8221;][vc_column_text]<\/p>\n<h1>Procedures for submitting R&amp;D and training projects<\/h1>\n<p>Is obtaining the label for your innovation projects from the Walloon Region a real obstacle course? Wagralim is there to advise and support you in all the key stages! Our experts follow and challenge your ideas to strengthen your application before it is submitted to the Walloon Government Panel for approval.<\/p>\n<p>Obtain the <strong>highest rate of research<\/strong> subsidies thanks to our competitiveness cluster and <strong>put your projects into action!<\/strong>[\/vc_column_text]<style type=\"text\/css\" data-type=\"the7_shortcodes-inline-css\">#default-btn-df5236162a716e7dd9b6f9cf0d6e8205 {\n  border-radius: 0px;\n  font-size: 16px;\n  line-height: 18px;\n}\n.btn-shadow#default-btn-df5236162a716e7dd9b6f9cf0d6e8205 {\n  box-shadow: 0 1px 6px rgba(0,0,0,0.12);\n  transition: box-shadow 0.2s ease-out, opacity 0.45s;\n}\n.btn-shadow#default-btn-df5236162a716e7dd9b6f9cf0d6e8205:hover {\n  box-shadow: 0 5px 11px 0 rgba(0,0,0,0.18), 0 4px 15px 0 rgba(0,0,0,0.15);\n}\n.btn-3d#default-btn-df5236162a716e7dd9b6f9cf0d6e8205 {\n  box-shadow: 0px 2px 0px 0px #be7e34;\n}\n.btn-flat#default-btn-df5236162a716e7dd9b6f9cf0d6e8205 {\n  box-shadow: none;\n}\n.btn-flat#default-btn-df5236162a716e7dd9b6f9cf0d6e8205:hover {\n  box-shadow: none;\n}\n#default-btn-df5236162a716e7dd9b6f9cf0d6e8205.ico-right-side > i {\n  margin-right: 0px;\n  margin-left: 8px;\n}\n#default-btn-df5236162a716e7dd9b6f9cf0d6e8205 > i {\n  margin-right: 8px;\n  font-size: 16px;\n}\n#default-btn-df5236162a716e7dd9b6f9cf0d6e8205:not(:hover) {\n  border-width: 0px;\n  background: #e79d48 !important;\n  padding: 12px 18px 12px 18px;\n}\n#default-btn-df5236162a716e7dd9b6f9cf0d6e8205:hover {\n  border-width: 0px;\n  padding: 12px 18px 12px 18px;\n}\n#default-btn-df5236162a716e7dd9b6f9cf0d6e8205.ico-right-side > i {\n  margin-right: 0px;\n  margin-left: 8px;\n}\n#default-btn-df5236162a716e7dd9b6f9cf0d6e8205 > i {\n  margin-right: 8px;\n}<\/style><a href=\"https:\/\/info.wagralim.be\/en\/contactus\" class=\"default-btn-shortcode dt-btn link-hover-off btn-inline-left btn-flat \" id=\"default-btn-df5236162a716e7dd9b6f9cf0d6e8205\" title=\"Contact\"><span>Tell us about your project<\/span><\/a>[\/vc_column][vc_column css_animation=&#8221;none&#8221; width=&#8221;1\/4&#8243; el_class=&#8221;custom-bg-l&#8221; css=&#8221;.vc_custom_1576061385974{padding-top: 30px !important;padding-right: 30px !important;padding-bottom: 30px !important;padding-left: 30px !important;background-position: center !important;background-repeat: no-repeat !important;background-size: contain !important;}&#8221;][\/vc_column][\/vc_row][vc_row equal_height=&#8221;yes&#8221; el_id=&#8221;rd-formation&#8221; css=&#8221;.vc_custom_1581522943217{border-bottom-width: 3px !important;padding-top: 30px !important;padding-bottom: 30px !important;border-bottom-color: #dbdbdb !important;}&#8221;][vc_column][vc_single_image image=&#8221;11467&#8243; img_size=&#8221;1200&#215;180&#8243; alignment=&#8221;center&#8221;][\/vc_column][vc_column width=&#8221;2\/3&#8243;][vc_column_text css=&#8221;.vc_custom_1582016661424{margin-bottom: 25px !important;}&#8221;]<\/p>\n<h3>1. Orientation meeting<\/h3>\n<p>Our team will meet you and analyse your letter of intent.<\/p>\n<h3>2. Maturity diagnosis meeting<\/h3>\n<p>You will meet technical experts from the cluster, representatives of the Walloon Public Service (research and financial analysis) as well as representatives of the Walloon Government panel, to carry out a qualitative analysis of your preliminary project. You will thus benefit from advice and recommendations to strengthen your application.<\/p>\n<h3>3. Internal Selection Committee meeting<\/h3>\n<p>You will present your project to the international technical experts who will assess your project as a whole.<\/p>\n<h3>4. Submission to the Walloon Government panel<\/h3>\n<p>Once your project has been challenged and strengthened, the cluster will submit your complete application to the Walloon Government.<\/p>\n<h3>5. Assessment and decision of the Walloon Government<\/h3>\n<p>Your application will be assessed by the International Panel of the clusters, before the Government makes its decision.[\/vc_column_text][\/vc_column][vc_column width=&#8221;1\/3&#8243;][vc_column_text css=&#8221;.vc_custom_1582016675191{margin-bottom: 25px !important;}&#8221;]<\/p>\n<h3>Calendar of calls for projects<\/h3>\n<p>The calls for projects follow a very specific timetable. Make sure you adhere to it when you decide to submit a project to the cluster.[\/vc_column_text]<style type=\"text\/css\" data-type=\"the7_shortcodes-inline-css\">#default-btn-6431b2edb2b9b5eb43e53a9529c2eaaa {\n  border-radius: 0px;\n  font-size: 16px;\n  line-height: 18px;\n}\n.btn-shadow#default-btn-6431b2edb2b9b5eb43e53a9529c2eaaa {\n  box-shadow: 0 1px 6px rgba(0,0,0,0.12);\n  transition: box-shadow 0.2s ease-out, opacity 0.45s;\n}\n.btn-shadow#default-btn-6431b2edb2b9b5eb43e53a9529c2eaaa:hover {\n  box-shadow: 0 5px 11px 0 rgba(0,0,0,0.18), 0 4px 15px 0 rgba(0,0,0,0.15);\n}\n.btn-3d#default-btn-6431b2edb2b9b5eb43e53a9529c2eaaa {\n  box-shadow: 0px 2px 0px 0px #be7e34;\n}\n.btn-flat#default-btn-6431b2edb2b9b5eb43e53a9529c2eaaa {\n  box-shadow: none;\n}\n.btn-flat#default-btn-6431b2edb2b9b5eb43e53a9529c2eaaa:hover {\n  box-shadow: none;\n}\n#default-btn-6431b2edb2b9b5eb43e53a9529c2eaaa.ico-right-side > i {\n  margin-right: 0px;\n  margin-left: 8px;\n}\n#default-btn-6431b2edb2b9b5eb43e53a9529c2eaaa > i {\n  margin-right: 8px;\n  font-size: 16px;\n}\n#default-btn-6431b2edb2b9b5eb43e53a9529c2eaaa:not(:hover) {\n  border-width: 0px;\n  background: #e79d48 !important;\n  padding: 12px 18px 12px 18px;\n}\n#default-btn-6431b2edb2b9b5eb43e53a9529c2eaaa:hover {\n  border-width: 0px;\n  padding: 12px 18px 12px 18px;\n}\n#default-btn-6431b2edb2b9b5eb43e53a9529c2eaaa.ico-right-side > i {\n  margin-right: 0px;\n  margin-left: 8px;\n}\n#default-btn-6431b2edb2b9b5eb43e53a9529c2eaaa > i {\n  margin-right: 8px;\n}<\/style><a href=\"#\" class=\"default-btn-shortcode dt-btn link-hover-off btn-calendar2 btn-inline-left btn-flat \" id=\"default-btn-6431b2edb2b9b5eb43e53a9529c2eaaa\"><span>Discover the calendar<\/span><\/a><div id=\"modal-trg-txt-wrap-7029\" class=\"ult-modal-input-wrapper ult-adjust-bottom-margin    \" data-keypress-control=\"keypress-control-enable\" data-overlay-control=\"overlay-control-enable\"><span data-class-id=\"content-6a011d88a337e1-57974420\"><\/span>\n\t\t\t\t<script type=\"text\/javascript\">\n\t\t\t\t(function($){\n\t\t\t\t\t$(document).ready(function(){\n\t\t\t\t\t\tvar selector = \".btn-calendar2\";\n\t\t\t\t\t\t$(selector).addClass(\"custom-ult-modal overlay-show\");\n\t\t\t\t\t\t$(selector).attr(\"data-class-id\", \"content-6a011d88a337e1-57974420\");\n\t\t\t\t\t\t$(selector).attr(\"data-overlay-class\", \"overlay-fade\");\n\t\t\t\t\t\t$(selector).attr(\"data-keypress-control\", \"keypress-control-enable\");\n\t\t\t\t\t\t$(selector).attr(\"data-overlay-control\", \"overlay-control-enable\");\n\t\t\t\t\t});\n\t\t\t\t})(jQuery);\n\t\t\t\t<\/script><\/div>\n<div class=\"ult-overlay content-6a011d88a337e1-57974420 \" data-class=\"content-6a011d88a337e1-57974420\" id=\"button-click-overlay\" style=\"background:rgba(2,116,110,0.7); display:none;\">\n\t<div class=\"ult_modal ult-fade ult-container\">\n\t\t<div id=\"ult-modal-wrap-7708\" class=\"ult_modal-content ult-hide\" style=\"border-style:solid;border-width:2px;border-radius:0px;border-color:#333333;\">\n\t\t\t<div  data-ultimate-target='#ult-modal-wrap-7708 .ult_modal-body'  data-responsive-json-new='{\"font-size\":\"\",\"line-height\":\"\"}'  class=\"ult_modal-body ult-responsive ult-html\" style=\"\">\n\t\t\t<\/p>\n<h2 style=\"text-align: center;\">Calendar of calls for projects Wagralim<\/h2>\n<table class=\"custom-table\">\n<thead>\n<tr>\n<th>Steps<\/th>\n<th>Call of 40<br \/>\nDecember 2023<\/th>\n<th>Call of 41<br \/>\nMarch 2024<\/th>\n<th>Call of 42<br \/>\nJune 2024<\/th>\n<\/tr>\n<\/thead>\n<tbody>\n<tr>\n<td><strong>BOOTCAMP &#8211; Sprint 1<\/strong><\/td>\n<td><strong>21 &amp; 28-06-2023<\/strong><\/td>\n<td><strong>11 &amp; 18-10-2023<\/strong><\/td>\n<td><strong>17 &amp; 24-01-2024<\/strong><\/td>\n<\/tr>\n<tr>\n<td><strong>Submission of a letter of intent to the Cluster<\/strong><\/td>\n<td><strong>3\/07\/23<\/strong><\/td>\n<td><strong>24\/10\/23<\/strong><\/td>\n<td><strong>29\/01\/23<\/strong><\/td>\n<\/tr>\n<tr>\n<td><strong>Submission of preliminary project to the Cluster<\/strong><\/td>\n<td><strong>28\/08\/23<\/strong><\/td>\n<td><strong>6\/12\/23<\/strong><\/td>\n<td><strong>8\/03\/23<\/strong><\/td>\n<\/tr>\n<tr>\n<td><span style=\"color: #ff0000;\">Official submission of the preliminary project to the Walloon Region by the Cluster<\/span><\/td>\n<td><span style=\"color: #ff0000;\">4\/09\/23<\/span><\/td>\n<td><span style=\"color: #ff0000;\">22\/12\/23<\/span><\/td>\n<td><span style=\"color: #ff0000;\">25\/03\/24<\/span><\/td>\n<\/tr>\n<tr>\n<td>Maturity diagnosis meeting (Meeting between sponsors, Cluster, technical experts of the Cluster, SPW (Wallonia Civil Service) and members of the Walloon Government panel)<\/td>\n<td>week of 18\/09\/23<\/td>\n<td>week of 15\/01\/24<\/td>\n<td>week of 08\/04\/23<\/td>\n<\/tr>\n<tr>\n<td><strong>Submission of the final project to the Cluster<\/strong><\/td>\n<td><strong>15\/11\/23<\/strong><\/td>\n<td><strong>1\/03\/24<\/strong><\/td>\n<td><strong>31\/05\/24<\/strong><\/td>\n<\/tr>\n<tr>\n<td>Project assessment meeting by the Cluster\u2019s Internal Selection Committee<br \/>\n(Meeting between sponsors, Clusters, technical experts and SPW)<\/td>\n<td>week of 27\/11\/23<\/td>\n<td>week of 18\/03\/23<\/td>\n<td>week of 17\/06\/23<\/td>\n<\/tr>\n<tr>\n<td><span style=\"color: #ff0000;\">Official submission of the finalized project to the Walloon Region by the Cluster<\/span><\/td>\n<td><span style=\"color: #ff0000;\">15\/12\/23<\/span><\/td>\n<td><span style=\"color: #ff0000;\">1\/04\/24<\/span><\/td>\n<td><span style=\"color: #ff0000;\">1\/07\/24<\/span><\/td>\n<\/tr>\n<tr>\n<td>Labelling decision by the Walloon Government<\/td>\n<td>avr-24<\/td>\n<td>june-24<\/td>\n<td>nov-24<\/td>\n<\/tr>\n<\/tbody>\n<\/table>\n<p>\n\t\t\t<\/div>\n\t<\/div>\n\t<\/div>\n\t<div class=\"ult-overlay-close top-right\" style=\"width:30px;height:30px; \"><div class=\"ult-overlay-close-inside\">Close<\/div><\/div>\n<\/div>[\/vc_column][vc_column]<div class=\"aio-icon-component    style_1\"><div id=\"Info-box-wrap-4040\" class=\"aio-icon-box left-icon\" style=\"\"  ><div class=\"aio-icon-left\"><div class=\"ult-just-icon-wrapper  \"><div class=\"align-icon\" style=\"text-align:center;\">\n<div class=\"aio-icon none \"  style=\"color:#dd3333;font-size:25px;display:inline-block;\">\n\t<i class=\"Defaults-exclamation-circle\"><\/i>\n<\/div><\/div><\/div><\/div><div class=\"aio-ibd-block\"><div class=\"aio-icon-description ult-responsive\"  data-ultimate-target='#Info-box-wrap-4040 .aio-icon-description'  data-responsive-json-new='{\"font-size\":\"\",\"line-height\":\"\"}'  style=\"\">The pole projects are accessible to the members of the pole only. If you wish to access the funding process and assembly assistance services, we invite you to check your membership status beforehand.<\/div> <!-- description --><\/div> <!-- aio-ibd-block --><\/div> <!-- aio-icon-box --><\/div> <!-- aio-icon-component -->[\/vc_column][\/vc_row][vc_row full_width=&#8221;stretch_row_content_no_spaces&#8221; equal_height=&#8221;yes&#8221; disable_element=&#8221;yes&#8221;][vc_column css=&#8221;.vc_custom_1582098551589{padding-top: 60px !important;padding-right: 30px !important;padding-bottom: 60px !important;padding-left: 30px !important;background-position: center !important;background-repeat: no-repeat !important;background-size: cover !important;}&#8221;][vc_column_text el_class=&#8221;custom-white&#8221;]<\/p>\n<h3 style=\"text-align: center;\">T\u00e9l\u00e9chargez le r\u00e8glement des projets R&amp;D<\/h3>\n<p>[\/vc_column_text]<style type=\"text\/css\" data-type=\"the7_shortcodes-inline-css\">#default-btn-ce1fcaf650c5e57899188c5f77f1d02b {\n  border-radius: 0px;\n  font-size: 16px;\n  line-height: 18px;\n}\n.btn-shadow#default-btn-ce1fcaf650c5e57899188c5f77f1d02b {\n  box-shadow: 0 1px 6px rgba(0,0,0,0.12);\n  transition: box-shadow 0.2s ease-out, opacity 0.45s;\n}\n.btn-shadow#default-btn-ce1fcaf650c5e57899188c5f77f1d02b:hover {\n  box-shadow: 0 5px 11px 0 rgba(0,0,0,0.18), 0 4px 15px 0 rgba(0,0,0,0.15);\n}\n.btn-3d#default-btn-ce1fcaf650c5e57899188c5f77f1d02b {\n  box-shadow: 0px 2px 0px 0px #be7e34;\n}\n.btn-flat#default-btn-ce1fcaf650c5e57899188c5f77f1d02b {\n  box-shadow: none;\n}\n.btn-flat#default-btn-ce1fcaf650c5e57899188c5f77f1d02b:hover {\n  box-shadow: none;\n}\n#default-btn-ce1fcaf650c5e57899188c5f77f1d02b.ico-right-side > i {\n  margin-right: 0px;\n  margin-left: 8px;\n}\n#default-btn-ce1fcaf650c5e57899188c5f77f1d02b > i {\n  margin-right: 8px;\n  font-size: 16px;\n}\n#default-btn-ce1fcaf650c5e57899188c5f77f1d02b:not(:hover) {\n  border-width: 0px;\n  background: #e79d48 !important;\n  padding: 12px 18px 12px 18px;\n}\n#default-btn-ce1fcaf650c5e57899188c5f77f1d02b:hover {\n  border-width: 0px;\n  padding: 12px 18px 12px 18px;\n}\n#default-btn-ce1fcaf650c5e57899188c5f77f1d02b.ico-right-side > i {\n  margin-right: 0px;\n  margin-left: 8px;\n}\n#default-btn-ce1fcaf650c5e57899188c5f77f1d02b > i {\n  margin-right: 8px;\n}<\/style><div class=\"btn-align-center\"><a href=\"#\" class=\"default-btn-shortcode dt-btn link-hover-off btn-flat \" id=\"default-btn-ce1fcaf650c5e57899188c5f77f1d02b\"><span>T\u00e9l\u00e9chargez<\/span><\/a><\/div>[\/vc_column][\/vc_row][vc_row equal_height=&#8221;yes&#8221; content_placement=&#8221;bottom&#8221; bg_type=&#8221;bg_color&#8221; bg_override=&#8221;ex-full&#8221; ult_hide_row=&#8221;ult_hide_row_value&#8221; ult_hide_row_large_screen=&#8221;large_screen&#8221; ult_hide_row_desktop=&#8221;desktop&#8221; ult_hide_row_tablet=&#8221;tablet&#8221; ult_hide_row_tablet_small=&#8221;xs_tablet&#8221; ult_hide_row_mobile=&#8221;mobile&#8221; ult_hide_row_mobile_large=&#8221;xl_mobile&#8221; css=&#8221;.vc_custom_1582122257620{padding-top: 30px !important;padding-bottom: 30px !important;}&#8221; el_id=&#8221;guide&#8221; bg_color_value=&#8221;#00736e&#8221;][vc_column css_animation=&#8221;slideInUp&#8221; css=&#8221;.vc_custom_1566399934888{padding-top: 30px !important;padding-right: 30px !important;padding-bottom: 30px !important;padding-left: 30px !important;background-color: #ffffff !important;}&#8221; el_class=&#8221;custom-shadow&#8221;][vc_column_text]<\/p>\n<h2 style=\"text-align: center;\">T\u00e9l\u00e9chargez le kit \u00e0 projets<\/h2>\n<p>[\/vc_column_text][vc_row_inner content_placement=&#8221;middle&#8221;][vc_column_inner width=&#8221;1\/3&#8243;][vc_single_image image=&#8221;6582&#8243; img_size=&#8221;200&#215;282&#8243; alignment=&#8221;center&#8221; style=&#8221;vc_box_border&#8221;][\/vc_column_inner][vc_column_inner width=&#8221;2\/3&#8243;]\n<div class=\"wpcf7 no-js\" id=\"wpcf7-f9097-o1\" lang=\"\" dir=\"ltr\" data-wpcf7-id=\"9097\">\n<div class=\"screen-reader-response\"><p role=\"status\" aria-live=\"polite\" aria-atomic=\"true\"><\/p> <ul><\/ul><\/div>\n<form action=\"\/en\/wp-json\/wp\/v2\/pages\/11086#wpcf7-f9097-o1\" method=\"post\" class=\"wpcf7-form init\" aria-label=\"Contact form\" novalidate=\"novalidate\" data-status=\"init\">\n<fieldset class=\"hidden-fields-container\"><input type=\"hidden\" name=\"_wpcf7\" value=\"9097\" \/><input type=\"hidden\" name=\"_wpcf7_version\" value=\"6.1.1\" \/><input type=\"hidden\" name=\"_wpcf7_locale\" value=\"\" \/><input type=\"hidden\" name=\"_wpcf7_unit_tag\" value=\"wpcf7-f9097-o1\" \/><input type=\"hidden\" name=\"_wpcf7_container_post\" value=\"0\" \/><input type=\"hidden\" name=\"_wpcf7_posted_data_hash\" value=\"\" \/>\n<\/fieldset>\n<div class=\"wf-container\">\n\t<div class=\"wf-cell wf-1-2\">\n\t\t<p><label>Pr\u00e9nom *<\/label><br \/>\n<span class=\"wpcf7-form-control-wrap\" data-name=\"prenom\"><input size=\"40\" maxlength=\"400\" class=\"wpcf7-form-control wpcf7-text wpcf7-validates-as-required\" aria-required=\"true\" aria-invalid=\"false\" value=\"\" type=\"text\" name=\"prenom\" \/><\/span>\n\t\t<\/p>\n\t<\/div>\n\t<div class=\"wf-cell wf-1-2\">\n\t\t<p><label>Nom *<\/label><br \/>\n<span class=\"wpcf7-form-control-wrap\" data-name=\"nom\"><input size=\"40\" maxlength=\"400\" class=\"wpcf7-form-control wpcf7-text wpcf7-validates-as-required\" aria-required=\"true\" aria-invalid=\"false\" value=\"\" type=\"text\" name=\"nom\" \/><\/span>\n\t\t<\/p>\n\t<\/div>\n\t<div class=\"wf-cell wf-1-2\">\n\t\t<p><label>Adresse email *<\/label><br \/>\n<span class=\"wpcf7-form-control-wrap\" data-name=\"email\"><input size=\"40\" maxlength=\"400\" class=\"wpcf7-form-control wpcf7-email wpcf7-validates-as-required wpcf7-text wpcf7-validates-as-email\" aria-required=\"true\" aria-invalid=\"false\" value=\"\" type=\"email\" name=\"email\" \/><\/span>\n\t\t<\/p>\n\t<\/div>\n\t<div class=\"wf-cell wf-1-2\">\n\t\t<p><label>T\u00e9l\u00e9phone\/GSM<\/label><br \/>\n<span class=\"wpcf7-form-control-wrap\" data-name=\"telephone\"><input size=\"40\" maxlength=\"400\" class=\"wpcf7-form-control wpcf7-tel wpcf7-validates-as-required wpcf7-text wpcf7-validates-as-tel\" aria-required=\"true\" aria-invalid=\"false\" value=\"\" type=\"tel\" name=\"telephone\" \/><\/span>\n\t\t<\/p>\n\t<\/div>\n\t<div class=\"wf-cell wf-1-2\">\n\t\t<p><label>Soci\u00e9t\u00e9 *<\/label><br \/>\n<span class=\"wpcf7-form-control-wrap\" data-name=\"entreprise\"><input size=\"40\" maxlength=\"400\" class=\"wpcf7-form-control wpcf7-text wpcf7-validates-as-required\" aria-required=\"true\" aria-invalid=\"false\" value=\"\" type=\"text\" name=\"entreprise\" \/><\/span>\n\t\t<\/p>\n\t<\/div>\n\t<div class=\"wf-cell wf-1-2\">\n\t\t<p><label>Vous \u00eates plut\u00f4t: *<\/label><br \/>\n<span class=\"wpcf7-form-control-wrap\" data-name=\"profil\"><select class=\"wpcf7-form-control wpcf7-select wpcf7-validates-as-required\" aria-required=\"true\" aria-invalid=\"false\" name=\"profil\"><option value=\"\">&#8212;Please choose an option&#8212;<\/option><option value=\"Dirigeant\">Dirigeant<\/option><option value=\"Responsable marketing\">Responsable marketing<\/option><option value=\"Responsable commercial\">Responsable commercial<\/option><option value=\"Responsable exportation\">Responsable exportation<\/option><option value=\"Responsable R&amp;D\">Responsable R&amp;D<\/option><option value=\"Autres\">Autres<\/option><\/select><\/span>\n\t\t<\/p>\n\t<\/div>\n<\/div>\n<p><span class=\"wpcf7-form-control-wrap\" data-name=\"privacy\"><span class=\"wpcf7-form-control wpcf7-acceptance\"><span class=\"wpcf7-list-item\"><label><input type=\"checkbox\" name=\"privacy\" value=\"1\" aria-invalid=\"false\" \/><span class=\"wpcf7-list-item-label\">J'ai lu et j'accepte la politique de confidentialit\u00e9 de Wagralim<\/span><\/label><\/span><\/span><\/span>\n<\/p>\n<p><input class=\"wpcf7-form-control wpcf7-submit has-spinner\" type=\"submit\" value=\"T\u00e9l\u00e9chargez le guide\" \/>\n<\/p><div class=\"wpcf7-response-output\" aria-hidden=\"true\"><\/div>\n<\/form>\n<\/div>\n[\/vc_column_inner][\/vc_row_inner][\/vc_column][\/vc_row][vc_row css=&#8221;.vc_custom_1575378134398{padding-top: 35px !important;padding-bottom: 45px !important;}&#8221;][vc_column css=&#8221;.vc_custom_1552574243144{padding-top: 0px !important;}&#8221;][vc_column_text]<\/p>\n<h2 class=\"p1\" style=\"text-align: center;\"><span class=\"s1\">They have benefited from our services<\/span><\/h2>\n<p>[\/vc_column_text][vc_basic_grid post_type=&#8221;dt_logos&#8221; max_items=&#8221;12&#8243; style=&#8221;pagination&#8221; items_per_page=&#8221;6&#8243; element_width=&#8221;2&#8243; gap=&#8221;25&#8243; orderby=&#8221;rand&#8221; paging_design=&#8221;none&#8221; loop=&#8221;yes&#8221; item=&#8221;8720&#8243; initial_loading_animation=&#8221;zoomIn&#8221; css=&#8221;.vc_custom_1576228913169{margin-bottom: 0px !important;}&#8221; grid_id=&#8221;vc_gid:1715628948190-6c47da38-accc-10&#8243; taxonomies=&#8221;396&#8243;][\/vc_column][\/vc_row][vc_row equal_height=&#8221;yes&#8221; content_placement=&#8221;middle&#8221; css=&#8221;.vc_custom_1558615284179{padding-bottom: 20px !important;}&#8221;][vc_column][vc_column_text css=&#8221;.vc_custom_1582017356219{margin-bottom: 25px !important;}&#8221;]<\/p>\n<h2 class=\"p1\" style=\"text-align: center;\"><span class=\"s1\">Testimonials<\/span><\/h2>\n<p>[\/vc_column_text][rev_slider_vc alias=&#8221;temoignages-projets&#8221;][\/vc_column][\/vc_row]<\/p>\n<\/div>","protected":false},"excerpt":{"rendered":"<p>[vc_row equal_height=&#8221;yes&#8221; content_placement=&#8221;middle&#8221;][vc_column css_animation=&#8221;none&#8221; width=&#8221;3\/4&#8243; css=&#8221;.vc_custom_1576061380805{padding-top: 30px !important;padding-right: 30px !important;padding-bottom: 30px !important;padding-left: 30px !important;background-position: center !important;background-repeat: no-repeat !important;background-size: cover !important;}&#8221; el_class=&#8221;custom-bg-r&#8221;][vc_column_text] Procedures for submitting R&amp;D and training projects Is obtaining&hellip;<\/p>\n","protected":false},"author":4,"featured_media":0,"parent":6616,"menu_order":0,"comment_status":"closed","ping_status":"closed","template":"","meta":{"_acf_changed":false,"content-type":"","footnotes":""},"class_list":["post-11086","page","type-page","status-publish","hentry","description-off"],"acf":[],"jetpack_sharing_enabled":true,"_links":{"self":[{"href":"https:\/\/www.wagralim.be\/en\/wp-json\/wp\/v2\/pages\/11086","targetHints":{"allow":["GET"]}}],"collection":[{"href":"https:\/\/www.wagralim.be\/en\/wp-json\/wp\/v2\/pages"}],"about":[{"href":"https:\/\/www.wagralim.be\/en\/wp-json\/wp\/v2\/types\/page"}],"author":[{"embeddable":true,"href":"https:\/\/www.wagralim.be\/en\/wp-json\/wp\/v2\/users\/4"}],"replies":[{"embeddable":true,"href":"https:\/\/www.wagralim.be\/en\/wp-json\/wp\/v2\/comments?post=11086"}],"version-history":[{"count":14,"href":"https:\/\/www.wagralim.be\/en\/wp-json\/wp\/v2\/pages\/11086\/revisions"}],"predecessor-version":[{"id":33400,"href":"https:\/\/www.wagralim.be\/en\/wp-json\/wp\/v2\/pages\/11086\/revisions\/33400"}],"up":[{"embeddable":true,"href":"https:\/\/www.wagralim.be\/en\/wp-json\/wp\/v2\/pages\/6616"}],"wp:attachment":[{"href":"https:\/\/www.wagralim.be\/en\/wp-json\/wp\/v2\/media?parent=11086"}],"curies":[{"name":"wp","href":"https:\/\/api.w.org\/{rel}","templated":true}]}}